{"id":465,"date":"2022-01-31T09:49:06","date_gmt":"2022-01-31T08:49:06","guid":{"rendered":"http:\/\/lorrainefaure.com\/?page_id=465"},"modified":"2026-04-18T12:11:35","modified_gmt":"2026-04-18T12:11:35","slug":"design-management","status":"publish","type":"page","link":"https:\/\/lorrainefaure.com\/en\/design-management\/","title":{"rendered":"Design management"},"content":{"rendered":"<div data-elementor-type=\"wp-page\" data-elementor-id=\"465\" class=\"elementor elementor-465\">\n\t\t\t\t<div class=\"elementor-element elementor-element-50b18225 e-flex e-con-boxed e-con e-parent\" data-id=\"50b18225\" data-element_type=\"container\" data-e-type=\"container\">\n\t\t\t\t\t<div class=\"e-con-inner\">\n\t\t\t\t<div class=\"elementor-element elementor-element-67b199d5 elementor-widget elementor-widget-text-editor\" data-id=\"67b199d5\" data-element_type=\"widget\" data-e-type=\"widget\" data-widget_type=\"text-editor.default\">\n\t\t\t\t\t\t\t\t\t<p>If you are on this page, you might be interested to recruit me as design manager, team leader and\/or problem solver. Or maybe you are just curious, and that\u2019s ok too !<\/p><p>I\u2019m absolutely sure that to recruit an external consultant with manager\/leader skills in a project or in a team can have a great impact to bring a different perspective and creative solutions. I experienced it myself in LEGO over the years.<\/p><p>So here is an overview of my specialities as leader.\nIf you are in doubt about what I can do for you, feel free to contact me to discuss what we can do together for your project !<\/p><p><!-- \/wp:gallery --><\/p>\t\t\t\t\t\t\t\t<\/div>\n\t\t\t\t\t<\/div>\n\t\t\t\t<\/div>\n\t\t<div class=\"elementor-element elementor-element-b84d0a3 e-grid e-con-boxed e-con e-parent\" data-id=\"b84d0a3\" data-element_type=\"container\" data-e-type=\"container\">\n\t\t\t\t\t<div class=\"e-con-inner\">\n\t\t\t\t\t\t\t\n\t\t<img class=\"e-image-base\" \n\t\t\t\t\tdata-interaction-id=\"191b767\" \n\t\t \n\t\t \n\t\t\t\t\t\t\t\t\tid=\"1012\"\n\t\t\t\t\t\t\t\t\t\t\t\tsrc=\"https:\/\/lorrainefaure.com\/wp-content\/uploads\/2026\/04\/DesignLead2026ENG-scaled.png\"\n\t\t\t\t\t\t\t\t\t\t\t\twidth=\"528\"\n\t\t\t\t\t\t\t\t\t\t\t\theight=\"2560\"\n\t\t\t\t\t\t\t\t\t\t\t\tsrcset=\"https:\/\/lorrainefaure.com\/wp-content\/uploads\/2026\/04\/DesignLead2026ENG-scaled.png 633w, https:\/\/lorrainefaure.com\/wp-content\/uploads\/2026\/04\/DesignLead2026ENG-74x300.png 74w, https:\/\/lorrainefaure.com\/wp-content\/uploads\/2026\/04\/DesignLead2026ENG-253x1024.png 253w, https:\/\/lorrainefaure.com\/wp-content\/uploads\/2026\/04\/DesignLead2026ENG-380x1536.png 380w, https:\/\/lorrainefaure.com\/wp-content\/uploads\/2026\/04\/DesignLead2026ENG-3x12.png 3w, https:\/\/lorrainefaure.com\/wp-content\/uploads\/2026\/04\/DesignLead2026ENG-15x60.png 15w\"\n\t\t\t\t\t\t\t\t\t\t\t\talt=\"\"\n\t\t\t\t\t\t\/>\n\t\t\t\t\t\t\t\t\n\t\t<img class=\"e-image-base\" \n\t\t\t\t\tdata-interaction-id=\"c3a3fce\" \n\t\t \n\t\t \n\t\t\t\t\t\t\t\t\tid=\"1016\"\n\t\t\t\t\t\t\t\t\t\t\t\tsrc=\"https:\/\/lorrainefaure.com\/wp-content\/uploads\/2026\/04\/TeamLead2026ENG-scaled.png\"\n\t\t\t\t\t\t\t\t\t\t\t\twidth=\"529\"\n\t\t\t\t\t\t\t\t\t\t\t\theight=\"2560\"\n\t\t\t\t\t\t\t\t\t\t\t\tsrcset=\"https:\/\/lorrainefaure.com\/wp-content\/uploads\/2026\/04\/TeamLead2026ENG-scaled.png 615w, https:\/\/lorrainefaure.com\/wp-content\/uploads\/2026\/04\/TeamLead2026ENG-72x300.png 72w, https:\/\/lorrainefaure.com\/wp-content\/uploads\/2026\/04\/TeamLead2026ENG-246x1024.png 246w, https:\/\/lorrainefaure.com\/wp-content\/uploads\/2026\/04\/TeamLead2026ENG-369x1536.png 369w, https:\/\/lorrainefaure.com\/wp-content\/uploads\/2026\/04\/TeamLead2026ENG-492x2048.png 492w, https:\/\/lorrainefaure.com\/wp-content\/uploads\/2026\/04\/TeamLead2026ENG-3x12.png 3w\"\n\t\t\t\t\t\t\t\t\t\t\t\talt=\"\"\n\t\t\t\t\t\t\/>\n\t\t\t\t\t\t\t\t\n\t\t<img class=\"e-image-base\" \n\t\t\t\t\tdata-interaction-id=\"4d5fce9\" \n\t\t \n\t\t \n\t\t\t\t\t\t\t\t\tid=\"1014\"\n\t\t\t\t\t\t\t\t\t\t\t\tsrc=\"https:\/\/lorrainefaure.com\/wp-content\/uploads\/2026\/04\/Manager2026ENG-scaled.png\"\n\t\t\t\t\t\t\t\t\t\t\t\twidth=\"528\"\n\t\t\t\t\t\t\t\t\t\t\t\theight=\"2560\"\n\t\t\t\t\t\t\t\t\t\t\t\tsrcset=\"https:\/\/lorrainefaure.com\/wp-content\/uploads\/2026\/04\/Manager2026ENG-scaled.png 634w, https:\/\/lorrainefaure.com\/wp-content\/uploads\/2026\/04\/Manager2026ENG-74x300.png 74w, https:\/\/lorrainefaure.com\/wp-content\/uploads\/2026\/04\/Manager2026ENG-768x3101.png 768w, https:\/\/lorrainefaure.com\/wp-content\/uploads\/2026\/04\/Manager2026ENG-507x2048.png 507w, https:\/\/lorrainefaure.com\/wp-content\/uploads\/2026\/04\/Manager2026ENG-3x12.png 3w, https:\/\/lorrainefaure.com\/wp-content\/uploads\/2026\/04\/Manager2026ENG-15x60.png 15w\"\n\t\t\t\t\t\t\t\t\t\t\t\talt=\"\"\n\t\t\t\t\t\t\/>\n\t\t\t\t\t\t<\/div>\n\t\t\t\t<\/div>\n\t\t\t\t<\/div>","protected":false},"excerpt":{"rendered":"<p>Si vous \u00eates sur cette page, c\u2019est peut \u00eatre que vous \u00eates int\u00e9ress\u00e9 pour m\u2019int\u00e9grer \u00e0 un projet ou une \u00e9quipe comme design manager, leader ou une r\u00e9solveuse de probl\u00e8mes. Ou bien vous \u00eates juste curieux, et c\u2019est aussi ok\u00a0! Je suis convaincue que recruter un consultant ext\u00e9rieur comme leader\/manager dans un projet peut avoir &hellip; <\/p>","protected":false},"author":2,"featured_media":0,"parent":0,"menu_order":0,"comment_status":"closed","ping_status":"closed","template":"elementor_theme","meta":{"footnotes":""},"class_list":["post-465","page","type-page","status-publish","hentry"],"_links":{"self":[{"href":"https:\/\/lorrainefaure.com\/en\/wp-json\/wp\/v2\/pages\/465","targetHints":{"allow":["GET"]}}],"collection":[{"href":"https:\/\/lorrainefaure.com\/en\/wp-json\/wp\/v2\/pages"}],"about":[{"href":"https:\/\/lorrainefaure.com\/en\/wp-json\/wp\/v2\/types\/page"}],"author":[{"embeddable":true,"href":"https:\/\/lorrainefaure.com\/en\/wp-json\/wp\/v2\/users\/2"}],"replies":[{"embeddable":true,"href":"https:\/\/lorrainefaure.com\/en\/wp-json\/wp\/v2\/comments?post=465"}],"version-history":[{"count":6,"href":"https:\/\/lorrainefaure.com\/en\/wp-json\/wp\/v2\/pages\/465\/revisions"}],"predecessor-version":[{"id":1019,"href":"https:\/\/lorrainefaure.com\/en\/wp-json\/wp\/v2\/pages\/465\/revisions\/1019"}],"wp:attachment":[{"href":"https:\/\/lorrainefaure.com\/en\/wp-json\/wp\/v2\/media?parent=465"}],"curies":[{"name":"wp","href":"https:\/\/api.w.org\/{rel}","templated":true}]}}