{"id":149,"date":"2015-08-16T19:33:23","date_gmt":"2015-08-16T18:33:23","guid":{"rendered":"http:\/\/lorrainefaure.com\/?page_id=2"},"modified":"2015-08-16T19:33:23","modified_gmt":"2015-08-16T18:33:23","slug":"profil","status":"publish","type":"page","link":"https:\/\/lorrainefaure.com\/en\/profil\/","title":{"rendered":"Profil"},"content":{"rendered":"<p><img fetchpriority=\"high\" decoding=\"async\" class=\"size-medium wp-image-271 alignleft\" src=\"http:\/\/lorrainefaure.com\/wp-content\/uploads\/2022\/01\/Photo-de-moi-ronde-1-300x300.jpg\" alt=\"\" width=\"300\" height=\"300\" srcset=\"https:\/\/lorrainefaure.com\/wp-content\/uploads\/2022\/01\/Photo-de-moi-ronde-1-300x300.jpg 300w, https:\/\/lorrainefaure.com\/wp-content\/uploads\/2022\/01\/Photo-de-moi-ronde-1-150x150.jpg 150w, https:\/\/lorrainefaure.com\/wp-content\/uploads\/2022\/01\/Photo-de-moi-ronde-1-12x12.jpg 12w, https:\/\/lorrainefaure.com\/wp-content\/uploads\/2022\/01\/Photo-de-moi-ronde-1-60x60.jpg 60w, https:\/\/lorrainefaure.com\/wp-content\/uploads\/2022\/01\/Photo-de-moi-ronde-1.jpg 700w\" sizes=\"(max-width: 300px) 100vw, 300px\" \/><\/p>\n<p>Hi !<\/p>\n<p>I'm Lorraine FAURE, a multi tool product graphic designer, illustrator and design manager. I've been working for LEGO for 9 years, before I decided to persue the freelance road and get back to my home country, France.<\/p>\n<p>I'm honest and direct. Integrity is my cup of tea. I love problem solving : in my creative tasks, but also at a team or company level. It's just my thing. Solving collaboration challenges between teams has been like an enjoyable puzzle for me during my time at The LEGO Group. Bring people around the same table to improve our ways of working together, find solutions, train my colleagues through mentorship, etc...<\/p>\n<p>I can be interested about any task as long as there is something to crack. Once I get motivated, I will dedicate time and energy to solve the challenge.<\/p>\n<p>Before my years in the LEGO Group, I\u2019ve been circus teacher, social worker and toy librarian. Those experiences are part of my multi tool mindset and complete my skill set for sure. You can find my full CV on <a href=\"https:\/\/www.linkedin.com\/in\/lorraine-faure-401042107\/details\/experience\/\">mon profil Linkedin<\/a>.<\/p>","protected":false},"excerpt":{"rendered":"<p>Bonjour Je m\u2019appelle Lorraine Faure, et je suis graphiste, illustratrice et design manager. J\u2019ai \u00e9t\u00e9 form\u00e9e chez LEGO, o\u00f9 je suis rentr\u00e9e en tant que junior graphic designer en 2012. J\u2019y ai \u00e9volu\u00e9 et grandi jusqu\u2019en 2021, date \u00e0 laquelle j\u2019ai quitt\u00e9 mon poste de graphic design master pour rentrer en France et \u00a0devenir freelance. &hellip; <\/p>","protected":false},"author":2,"featured_media":0,"parent":0,"menu_order":0,"comment_status":"closed","ping_status":"open","template":"","meta":{"footnotes":""},"class_list":["post-149","page","type-page","status-publish","hentry"],"_links":{"self":[{"href":"https:\/\/lorrainefaure.com\/en\/wp-json\/wp\/v2\/pages\/149","targetHints":{"allow":["GET"]}}],"collection":[{"href":"https:\/\/lorrainefaure.com\/en\/wp-json\/wp\/v2\/pages"}],"about":[{"href":"https:\/\/lorrainefaure.com\/en\/wp-json\/wp\/v2\/types\/page"}],"author":[{"embeddable":true,"href":"https:\/\/lorrainefaure.com\/en\/wp-json\/wp\/v2\/users\/2"}],"replies":[{"embeddable":true,"href":"https:\/\/lorrainefaure.com\/en\/wp-json\/wp\/v2\/comments?post=149"}],"version-history":[{"count":0,"href":"https:\/\/lorrainefaure.com\/en\/wp-json\/wp\/v2\/pages\/149\/revisions"}],"wp:attachment":[{"href":"https:\/\/lorrainefaure.com\/en\/wp-json\/wp\/v2\/media?parent=149"}],"curies":[{"name":"wp","href":"https:\/\/api.w.org\/{rel}","templated":true}]}}